{"id":75,"date":"2023-01-26T09:15:24","date_gmt":"2023-01-26T09:15:24","guid":{"rendered":"https:\/\/mimu.de\/?page_id=75"},"modified":"2023-01-26T09:15:24","modified_gmt":"2023-01-26T09:15:24","slug":"willkommen","status":"publish","type":"page","link":"https:\/\/mimu.de\/?page_id=75","title":{"rendered":"Willkommen"},"content":{"rendered":"\n<p><strong>Herzlich willkommen auf der Website der<\/strong><strong><br>Management Institut M\u00fcnchen Unternehmensberatung GmbH.<\/strong><\/p>\n\n\n\n<p><strong>Wer sind wir?<\/strong><br>Wir sind ein mittelst\u00e4ndisches Beratungsunternehmen, das von drei Partnern getragen wird:<\/p>\n\n\n\n<p>1. Dr. Michael Schad, Gesch\u00e4ftsf\u00fchrer und Anteilseigner<br>2. Bernhard Ratzmann, Partner und Anteilseigner<br>3. Dr. Patrik Gr\u00f6hn, Partner und Anteilseigner<\/p>\n\n\n\n<p><strong>Was ist der Zweck dieser bewusst kurz gehaltenen Website?<\/strong><br>Wir haben nicht das prim\u00e4re Ziel, \u00fcber diese Website Kunden zu akquirieren. Unsere Website erm\u00f6glicht Interessenten, sich kurz \u00fcber unseren Rechtsrahmen und den Leits\u00e4tzen unseres Handelns zu informieren.<br>\u00dcber unsere langj\u00e4hrigen Kundenbeziehungen und unser best\u00e4ndiges, sehr gut funktionierendes Netzwerk werden wir in der Regel direkt kontaktiert und weiter empfohlen.<\/p>\n\n\n\n<p><strong>Welche Leits\u00e4tze legen wir unserem Handeln zugrunde?<\/strong><br>Wir helfen unseren Kunden, wertsch\u00f6pfende Ver\u00e4nderungen zu planen und erfolgreich umzusetzen. Wir unterst\u00fctzen diese Transformation als Partner des Managements und beraten sowohl mit menschlicher als auch fachlicher Wertsch\u00e4tzung.<\/p>\n\n\n\n<p>Wir begleiten unsere Kunden seit Jahren und in aller Regel von der gemeinsamen Analyse \u00fcber die Konzeptionserstellung bis hin zu einer nachhaltigen Umsetzung.<\/p>\n\n\n\n<p><strong>Wer sind unsere Kunden?<\/strong><br>Unsere Kunden kommen zu mehr als 90% aus der Finanzdienstleistung in der Sparkassen-Finanzgruppe und im<br>Geno-Verbund. Darauf sind wir spezialisiert.<\/p>\n\n\n\n<p><strong>Wie k\u00f6nnen Sie mit uns Kontakt aufnehmen?<\/strong><br>Falls Sie Kontakt zu uns aufnehmen wollen, senden sie uns bitte eine<br>E-Mail an&nbsp;<strong>info@mimu.de<\/strong>. Vielen Dank!<\/p>\n\n\n\n<p>Alternativ k\u00f6nnen Sie uns schriftlich unter folgender Adresse erreichen:<br><strong>Management Institut M\u00fcnchen Unternehmensberatung GmbH<\/strong><br><strong>Fleischmannstrasse 4<\/strong><br><strong>97340 Marktbreit<\/strong><\/p>\n","protected":false},"excerpt":{"rendered":"<p>Herzlich willkommen auf der Website derManagement Institut M\u00fcnchen Unternehmensberatung GmbH. Wer sind wir?Wir sind ein mittelst\u00e4ndisches Beratungsunternehmen, das von drei Partnern getragen wird: 1. Dr. Michael Schad, Gesch\u00e4ftsf\u00fchrer und Anteilseigner2. Bernhard Ratzmann, Partner und Anteilseigner3. Dr. Patrik Gr\u00f6hn, Partner und Anteilseigner Was ist der Zweck dieser bewusst kurz gehaltenen Website?Wir haben nicht das prim\u00e4re Ziel, &hellip; <\/p>\n<p class=\"link-more\"><a href=\"https:\/\/mimu.de\/?page_id=75\" class=\"more-link\"><span class=\"screen-reader-text\">\u201eWillkommen\u201c<\/span> weiterlesen<\/a><\/p>\n","protected":false},"author":1,"featured_media":0,"parent":0,"menu_order":0,"comment_status":"closed","ping_status":"closed","template":"","meta":[],"_links":{"self":[{"href":"https:\/\/mimu.de\/index.php?rest_route=\/wp\/v2\/pages\/75"}],"collection":[{"href":"https:\/\/mimu.de\/index.php?rest_route=\/wp\/v2\/pages"}],"about":[{"href":"https:\/\/mimu.de\/index.php?rest_route=\/wp\/v2\/types\/page"}],"author":[{"embeddable":true,"href":"https:\/\/mimu.de\/index.php?rest_route=\/wp\/v2\/users\/1"}],"replies":[{"embeddable":true,"href":"https:\/\/mimu.de\/index.php?rest_route=%2Fwp%2Fv2%2Fcomments&post=75"}],"version-history":[{"count":2,"href":"https:\/\/mimu.de\/index.php?rest_route=\/wp\/v2\/pages\/75\/revisions"}],"predecessor-version":[{"id":77,"href":"https:\/\/mimu.de\/index.php?rest_route=\/wp\/v2\/pages\/75\/revisions\/77"}],"wp:attachment":[{"href":"https:\/\/mimu.de\/index.php?rest_route=%2Fwp%2Fv2%2Fmedia&parent=75"}],"curies":[{"name":"wp","href":"https:\/\/api.w.org\/{rel}","templated":true}]}}