{"id":33,"date":"2019-04-22T18:37:02","date_gmt":"2019-04-22T18:37:02","guid":{"rendered":"http:\/\/mimu.de\/?page_id=33"},"modified":"2019-04-23T11:48:00","modified_gmt":"2019-04-23T11:48:00","slug":"impressum","status":"publish","type":"page","link":"https:\/\/mimu.de\/?page_id=33","title":{"rendered":"Impressum"},"content":{"rendered":"<p>Management Institut M\u00fcnchen Unternehmensberatung GmbH<br \/>Fleischmannstrasse 4<br \/>D-97340 Marktbreit<\/p>\n<p>Tel.: +49 (0) 9332 84 98 950<br \/>Fax.: +49 (0) 9332 84 99 019<\/p>\n<p>E-Mail:\u00a0<a href=\"mailto:info@mi-gmbh.de\">info@mimu.de<\/a><br \/>Internet:\u00a0<a href=\"http:\/\/www.mi-gmbh.de\/www.michel-institut.de\" target=\"_blank\" rel=\"noopener noreferrer\">www.mimu.de<\/a><\/p>\n<h3>Handelsregister<\/h3>\n<p>Amtsgericht W\u00fcrzburg HRB 11224<\/p>\n<h3>Gesch\u00e4ftsf\u00fchrer<\/h3>\n<p>Dr. Michael Schad<br \/>Fleischmannstrasse 4<br \/>D-97340 Marktbreit<\/p>\n<h3>Copyright<\/h3>\n<p>Die vorliegenden Inhalte dieser Seiten sind urheberrechtlich gesch\u00fctzt. Alle Rechte vorbehalten.<\/p>\n<p>Die Verwendung der Texte und Abbildungen, auch auszugsweise, ist ohne die schriftliche Zustimmung der Management Institut M\u00fcnchen Unternehmensberatung GmbH urheberrechtswidrig und daher strafbar. Dies gilt insbesondere f\u00fcr die Vervielf\u00e4ltigung, \u00dcbersetzung oder die Verwendung in elektronischen Systemen.<\/p>\n<p>In den vorliegenden Inhalten werden eingetragene Warenzeichen, Handelsnamen und Gebrauchsnamen verwendet. Auch wenn diese nicht als solche gekennzeichnet sind, gelten die entsprechenden Schutzbestimmungen.<\/p>\n<h3>Nutzungsvereinbarung<\/h3>\n<p>Die in dieser Internet-Site enthaltenen Informationen sind grunds\u00e4tzlich an deutsche Internet-Nutzer gerichtet. Wenn Sie die Informationen au\u00dferhalb Deutschlands lesen, entsprechen die hierin enthaltenen Aussagen eventuell nicht den Bestimmungen des jeweiligen Landes.<\/p>\n<p>Diese Internet-Site enth\u00e4lt m\u00f6glicherweise Verkn\u00fcpfungen oder Hinweise auf andere Web-Sites anderer Unternehmen, Personen oder Organisationen. Jede Nutzung der Information geschieht auf eigene Gefahr des Nutzers. F\u00fcr die Inhalte der Angebote Dritter, auf die verwiesen wird (Hyperlinks), sind allein die Betreiber jener Seiten verantwortlich.<\/p>\n<p>Diese Internet-Site ist als Service f\u00fcr Besucher gedacht und hat ausschlie\u00dflich im Gebiet der Bundesrepublik Deutschland G\u00fcltigkeit. Die Management Intitut M\u00fcnchen Unternehmensberatung GmbH beh\u00e4lt sich das Recht vor, den Inhalt dieser Site jederzeit ohne Angabe von Gr\u00fcnden und ohne Ank\u00fcndigung zu streichen, zu \u00e4ndern oder zu erg\u00e4nzen.<\/p>\n\n\n<p><\/p>\n","protected":false},"excerpt":{"rendered":"<p>Management Institut M\u00fcnchen Unternehmensberatung GmbHFleischmannstrasse 4D-97340 Marktbreit Tel.: +49 (0) 9332 84 98 950Fax.: +49 (0) 9332 84 99 019 E-Mail:\u00a0info@mimu.deInternet:\u00a0www.mimu.de Handelsregister Amtsgericht W\u00fcrzburg HRB 11224 Gesch\u00e4ftsf\u00fchrer Dr. Michael SchadFleischmannstrasse 4D-97340 Marktbreit Copyright Die vorliegenden Inhalte dieser Seiten sind urheberrechtlich gesch\u00fctzt. Alle Rechte vorbehalten. Die Verwendung der Texte und Abbildungen, auch auszugsweise, ist ohne die &hellip; <\/p>\n<p class=\"link-more\"><a href=\"https:\/\/mimu.de\/?page_id=33\" class=\"more-link\"><span class=\"screen-reader-text\">\u201eImpressum\u201c<\/span> weiterlesen<\/a><\/p>\n","protected":false},"author":1,"featured_media":0,"parent":0,"menu_order":0,"comment_status":"closed","ping_status":"closed","template":"","meta":[],"_links":{"self":[{"href":"https:\/\/mimu.de\/index.php?rest_route=\/wp\/v2\/pages\/33"}],"collection":[{"href":"https:\/\/mimu.de\/index.php?rest_route=\/wp\/v2\/pages"}],"about":[{"href":"https:\/\/mimu.de\/index.php?rest_route=\/wp\/v2\/types\/page"}],"author":[{"embeddable":true,"href":"https:\/\/mimu.de\/index.php?rest_route=\/wp\/v2\/users\/1"}],"replies":[{"embeddable":true,"href":"https:\/\/mimu.de\/index.php?rest_route=%2Fwp%2Fv2%2Fcomments&post=33"}],"version-history":[{"count":3,"href":"https:\/\/mimu.de\/index.php?rest_route=\/wp\/v2\/pages\/33\/revisions"}],"predecessor-version":[{"id":57,"href":"https:\/\/mimu.de\/index.php?rest_route=\/wp\/v2\/pages\/33\/revisions\/57"}],"wp:attachment":[{"href":"https:\/\/mimu.de\/index.php?rest_route=%2Fwp%2Fv2%2Fmedia&parent=33"}],"curies":[{"name":"wp","href":"https:\/\/api.w.org\/{rel}","templated":true}]}}